{"id":468,"date":"2024-12-16T15:40:07","date_gmt":"2024-12-16T14:40:07","guid":{"rendered":"https:\/\/medienfux.de\/?page_id=468"},"modified":"2024-12-18T19:05:59","modified_gmt":"2024-12-18T18:05:59","slug":"internationale-beziehungen","status":"publish","type":"page","link":"https:\/\/medienfux.de\/en\/internationale-beziehungen\/","title":{"rendered":"International Relations"},"content":{"rendered":"<!--themify_builder_content-->\n<div id=\"themify_builder_content-468\" data-postid=\"468\" class=\"themify_builder_content themify_builder_content-468 themify_builder tf_clear\">\n                    <div  data-lazy=\"1\" class=\"module_row themify_builder_row tb_o3l5140 tb_first tf_w\">\n                        <div class=\"row_inner col_align_top tb_col_count_2 tf_box tf_rel\">\n                        <div  data-lazy=\"1\" class=\"module_column tb-column col4-2 tb_pmiw141 first\">\n                    <!-- module text -->\n<div  class=\"module module-text tb_2i1r821\" data-lazy=\"1\">\n        <div  class=\"tb_text_wrap\">\n        <p>medienfux gGmbH is actively involved in international media education. Our focus is on digital transformation and teaching practical skills. We have successfully conducted seminars and workshops in various African countries. These events aim to familiarize people with the opportunities and challenges of digitalization.<\/p>\n<p>At the same time, we place great emphasis on teaching practical skills. In our training courses, participants learn how to use modern equipment such as laser cutters and 3D printers. These skills open up new career prospects and promote personal development. By combining theoretical knowledge and practical application, we create lasting learning effects.<\/p>\n<p>However, our work is not limited to technical aspects. We also value cultural exchange and mutual understanding. This creates valuable networks and cooperation across national borders.<\/p>\n<p>Another exciting project is \u201cArchiv International\u201d. We support archives worldwide in digitizing their holdings. This project, which is based on <a href=\"https:\/\/fwbarchiv.de\">fwbarchiv.de<\/a> presented in detail, combines tradition with innovation. It enables the preservation of important historical documents and at the same time makes them digitally accessible.<\/p>\n<p>Through our diverse activities, we contribute to global networking and knowledge exchange. We are proud to accompany and support people around the world on their journey into the digital future.<\/p>    <\/div>\n<\/div>\n<!-- \/module text -->        <\/div>\n                    <div  data-lazy=\"1\" class=\"module_column tb-column col4-2 tb_m27k141 last\">\n                    <!-- module image -->\n<div  class=\"module module-image tb_a34g148 image-right rounded  tf_mw\" data-lazy=\"1\">\n        <div class=\"image-wrap tf_rel tf_mw\">\n            <img loading=\"lazy\" decoding=\"async\" width=\"1500\" height=\"1125\" src=\"https:\/\/medienfux.de\/wp-content\/uploads\/2024\/12\/mfx-makerspace.jpg\" class=\"wp-post-image wp-image-411\" title=\"mfx-makerspace\" alt=\"Ein junger liberianischer Mann setzt einen Lasercutter zusammen\" srcset=\"https:\/\/medienfux.de\/wp-content\/uploads\/2024\/12\/mfx-makerspace.jpg 1500w, https:\/\/medienfux.de\/wp-content\/uploads\/2024\/12\/mfx-makerspace-300x225.jpg 300w, https:\/\/medienfux.de\/wp-content\/uploads\/2024\/12\/mfx-makerspace-1024x768.jpg 1024w, https:\/\/medienfux.de\/wp-content\/uploads\/2024\/12\/mfx-makerspace-768x576.jpg 768w, https:\/\/medienfux.de\/wp-content\/uploads\/2024\/12\/mfx-makerspace-16x12.jpg 16w, https:\/\/medienfux.de\/wp-content\/uploads\/2024\/12\/mfx-makerspace-300x225-186x140.jpg 186w\" sizes=\"auto, (max-width: 1500px) 100vw, 1500px\" \/>    \n        <\/div>\n    <!-- \/image-wrap -->\n    \n        <\/div>\n<!-- \/module image --><!-- module image -->\n<div  class=\"module module-image tb_cyvy143 image-right rounded  tf_mw\" data-lazy=\"1\">\n        <div class=\"image-wrap tf_rel tf_mw\">\n            <img loading=\"lazy\" decoding=\"async\" width=\"4096\" height=\"3072\" src=\"https:\/\/medienfux.de\/wp-content\/uploads\/2024\/12\/mfx-cjps.png\" class=\"wp-post-image wp-image-407\" title=\"mfx-cjps\" alt=\"Ein internationales Team arbeitet zusammen an den M\u00f6glichkeiten der digitalen vernetzten Arbeit\" srcset=\"https:\/\/medienfux.de\/wp-content\/uploads\/2024\/12\/mfx-cjps.png 4096w, https:\/\/medienfux.de\/wp-content\/uploads\/2024\/12\/mfx-cjps-300x225.png 300w, https:\/\/medienfux.de\/wp-content\/uploads\/2024\/12\/mfx-cjps-1024x768.png 1024w, https:\/\/medienfux.de\/wp-content\/uploads\/2024\/12\/mfx-cjps-768x576.png 768w, https:\/\/medienfux.de\/wp-content\/uploads\/2024\/12\/mfx-cjps-1536x1152.png 1536w, https:\/\/medienfux.de\/wp-content\/uploads\/2024\/12\/mfx-cjps-2048x1536.png 2048w, https:\/\/medienfux.de\/wp-content\/uploads\/2024\/12\/mfx-cjps-16x12.png 16w\" sizes=\"auto, (max-width: 4096px) 100vw, 4096px\" \/>    \n        <\/div>\n    <!-- \/image-wrap -->\n    \n        <\/div>\n<!-- \/module image --><!-- module image -->\n<div  class=\"module module-image tb_6sih814 image-right rounded  tf_mw\" data-lazy=\"1\">\n        <div class=\"image-wrap tf_rel tf_mw\">\n            <img loading=\"lazy\" decoding=\"async\" width=\"4096\" height=\"3072\" src=\"https:\/\/medienfux.de\/wp-content\/uploads\/2024\/12\/mfx-kaict.png\" class=\"wp-post-image wp-image-409\" title=\"mfx-kaict\" alt=\"Das Team des Kofi-Anan-Instituts in Liberia arbeitet an den eigenen Kommunikationsstrukturen\" srcset=\"https:\/\/medienfux.de\/wp-content\/uploads\/2024\/12\/mfx-kaict.png 4096w, https:\/\/medienfux.de\/wp-content\/uploads\/2024\/12\/mfx-kaict-300x225.png 300w, https:\/\/medienfux.de\/wp-content\/uploads\/2024\/12\/mfx-kaict-1024x768.png 1024w, https:\/\/medienfux.de\/wp-content\/uploads\/2024\/12\/mfx-kaict-768x576.png 768w, https:\/\/medienfux.de\/wp-content\/uploads\/2024\/12\/mfx-kaict-1536x1152.png 1536w, https:\/\/medienfux.de\/wp-content\/uploads\/2024\/12\/mfx-kaict-2048x1536.png 2048w, https:\/\/medienfux.de\/wp-content\/uploads\/2024\/12\/mfx-kaict-16x12.png 16w\" sizes=\"auto, (max-width: 4096px) 100vw, 4096px\" \/>    \n        <\/div>\n    <!-- \/image-wrap -->\n    \n        <\/div>\n<!-- \/module image -->        <\/div>\n                        <\/div>\n        <\/div>\n                        <div  data-css_id=\"g3v4478\" data-lazy=\"1\" class=\"module_row themify_builder_row fullwidth_row_container tb_g3v4478 tf_w\">\n                        <div class=\"row_inner col_align_top tb_col_count_1 tf_box tf_rel\">\n                        <div  data-lazy=\"1\" class=\"module_column tb-column col-full tb_cqa7479 first\">\n                    <!-- module template_part -->\n<div  class=\"module module-layout-part tb_zp5g201\">\n    <div class=\"tb_layout_part_wrap tf_w\"><!--themify_builder_content-->\n    <div  class=\"themify_builder_content themify_builder_content-637 themify_builder not_editable_builder in_the_loop\" data-postid=\"637\">\n                        <div  data-lazy=\"1\" class=\"module_row themify_builder_row tb_azup564 tf_w\">\n                        <div class=\"row_inner col_align_top tb_col_count_2 tf_box tf_rel\">\n                        <div  data-lazy=\"1\" class=\"module_column tb-column col4-2 tb_p91r564 first\">\n                    <!-- module text -->\n<div  class=\"module module-text tb_uwpt564\" data-lazy=\"1\">\n        <div  class=\"tb_text_wrap\">\n        <h3>Please contact us.<\/h3>    <\/div>\n<\/div>\n<!-- \/module text --><!-- module text -->\n<div  class=\"module module-text tb_zpfu564\" data-lazy=\"1\">\n        <div  class=\"tb_text_wrap\">\n        <h3><strong>address<\/strong><\/h3>\n<p>Johann-Meyer-Str. 4<br \/>01097 Dresden<br \/>Germany<\/p>\n<h3><strong>E-mail<\/strong><\/h3>\n<p><a href=\"mailto:info@medienfux.de\">info@medienfux.de<\/a><\/p>    <\/div>\n<\/div>\n<!-- \/module text --><!-- module divider -->\n<div  class=\"module tf_mw module-divider tb_hq1k564 solid\" style=\"border-width: 1px;border-color: #ebebeb;margin-top: 10px;margin-bottom: 30px;\" data-lazy=\"1\">\n    <\/div>\n<!-- \/module divider -->\n<!-- module image -->\n<div  class=\"module module-image tb_098o564 image-top rounded  tf_mw\" data-lazy=\"1\">\n        <div class=\"image-wrap tf_rel tf_mw\">\n            <img loading=\"lazy\" decoding=\"async\" width=\"2068\" height=\"1202\" src=\"https:\/\/medienfux.de\/wp-content\/uploads\/2024\/12\/medienfux-adresse.png\" class=\"wp-post-image wp-image-435\" title=\"medienfux address\" alt=\"Eine Landkarte mit dem Logo der medienfux gGmbH\" srcset=\"https:\/\/medienfux.de\/wp-content\/uploads\/2024\/12\/medienfux-adresse.png 2068w, https:\/\/medienfux.de\/wp-content\/uploads\/2024\/12\/medienfux-adresse-300x174.png 300w, https:\/\/medienfux.de\/wp-content\/uploads\/2024\/12\/medienfux-adresse-1024x595.png 1024w, https:\/\/medienfux.de\/wp-content\/uploads\/2024\/12\/medienfux-adresse-768x446.png 768w, https:\/\/medienfux.de\/wp-content\/uploads\/2024\/12\/medienfux-adresse-1536x893.png 1536w, https:\/\/medienfux.de\/wp-content\/uploads\/2024\/12\/medienfux-adresse-2048x1190.png 2048w, https:\/\/medienfux.de\/wp-content\/uploads\/2024\/12\/medienfux-adresse-18x10.png 18w, https:\/\/medienfux.de\/wp-content\/uploads\/2024\/12\/medienfux-adresse-300x174-241x140.png 241w\" sizes=\"auto, (max-width: 2068px) 100vw, 2068px\" \/>    \n        <\/div>\n    <!-- \/image-wrap -->\n    \n        <\/div>\n<!-- \/module image -->        <\/div>\n                    <div  data-lazy=\"1\" class=\"module_column tb-column col4-2 tb_bg6a564 last\">\n                    <!-- module widget -->\n<div  class=\"module module-widget tb_l13w564\" data-lazy=\"1\">\n    <div class=\"widget wpforms-widget\"><div class=\"wpforms-container wpforms-container-full wpforms-render-modern\" id=\"wpforms-611\"><form id=\"wpforms-form-611\" class=\"wpforms-validate wpforms-form wpforms-ajax-form\" data-formid=\"611\" method=\"post\" enctype=\"multipart\/form-data\" action=\"\/en\/wp-json\/wp\/v2\/pages\/468\" data-token=\"90fc7d159431916bb9c822f162ff2158\" data-token-time=\"1776406970\" data-trp-original-action=\"\/en\/wp-json\/wp\/v2\/pages\/468\"><noscript class=\"wpforms-error-noscript\">Please enable JavaScript in your browser to complete this form.<\/noscript><div class=\"wpforms-hidden\" id=\"wpforms-error-noscript\">Please enable JavaScript in your browser to complete this form.<\/div><div class=\"wpforms-field-container\"><div id=\"wpforms-611-field_1-container\" class=\"wpforms-field wpforms-field-name\" data-field-id=\"1\"><fieldset><legend class=\"wpforms-field-label\">name <span class=\"wpforms-required-label\" aria-hidden=\"true\">*<\/span><\/legend><div class=\"wpforms-field-row wpforms-field-medium\"><div class=\"wpforms-field-row-block wpforms-first wpforms-one-half\"><input type=\"text\" id=\"wpforms-611-field_1\" class=\"wpforms-field-name-first wpforms-field-required\" name=\"wpforms[fields][1][first]\" aria-errormessage=\"wpforms-611-field_1-error\" required><label for=\"wpforms-611-field_1\" class=\"wpforms-field-sublabel after\">First<\/label><\/div><div class=\"wpforms-field-row-block wpforms-one-half\"><input type=\"text\" id=\"wpforms-611-field_1-last\" class=\"wpforms-field-name-last wpforms-field-required\" name=\"wpforms[fields][1][last]\" aria-errormessage=\"wpforms-611-field_1-last-error\" required><label for=\"wpforms-611-field_1-last\" class=\"wpforms-field-sublabel after\">Last<\/label><\/div><\/div><\/fieldset><\/div><div id=\"wpforms-611-field_2-container\" class=\"wpforms-field wpforms-field-email\" data-field-id=\"2\"><label class=\"wpforms-field-label\" for=\"wpforms-611-field_2\">E-mail address <span class=\"wpforms-required-label\" aria-hidden=\"true\">*<\/span><\/label><input type=\"email\" id=\"wpforms-611-field_2\" class=\"wpforms-field-medium wpforms-field-required\" name=\"wpforms[fields][2]\" spellcheck=\"false\" aria-errormessage=\"wpforms-611-field_2-error\" required><\/div><div id=\"wpforms-611-field_4-container\" class=\"wpforms-field wpforms-field-text\" data-field-id=\"4\"><label class=\"wpforms-field-label\" for=\"wpforms-611-field_4\">institution<\/label><input type=\"text\" id=\"wpforms-611-field_4\" class=\"wpforms-field-medium\" name=\"wpforms[fields][4]\" aria-errormessage=\"wpforms-611-field_4-error\" ><\/div><div id=\"wpforms-611-field_3-container\" class=\"wpforms-field wpforms-field-textarea\" data-field-id=\"3\"><label class=\"wpforms-field-label\" for=\"wpforms-611-field_3\">comment or message<\/label><textarea id=\"wpforms-611-field_3\" class=\"wpforms-field-medium\" name=\"wpforms[fields][3]\" aria-errormessage=\"wpforms-611-field_3-error\" ><\/textarea><\/div><\/div><!-- .wpforms-field-container --><div class=\"wpforms-recaptcha-container wpforms-is-recaptcha wpforms-is-recaptcha-type-v2\" ><div class=\"g-recaptcha\" data-sitekey=\"6LewMp8qAAAAAAYF8LhPEaWkzP5090xYePRU5awo\"><\/div><input type=\"text\" name=\"g-recaptcha-hidden\" class=\"wpforms-recaptcha-hidden\" style=\"position:absolute!important;clip:rect(0,0,0,0)!important;height:1px!important;width:1px!important;border:0!important;overflow:hidden!important;padding:0!important;margin:0!important;\" data-rule-recaptcha=\"1\"><\/div><div class=\"wpforms-submit-container\" ><input type=\"hidden\" name=\"wpforms[id]\" value=\"611\"><input type=\"hidden\" name=\"page_title\" value=\"\"><input type=\"hidden\" name=\"page_url\" value=\"https:\/\/medienfux.de\/en\/wp-json\/wp\/v2\/pages\/468\"><input type=\"hidden\" name=\"url_referer\" value=\"\"><button type=\"submit\" name=\"wpforms[submit]\" id=\"wpforms-submit-611\" class=\"wpforms-submit\" data-alt-text=\"Wird gesendet\u00a0\u2026\" data-submit-text=\"Absenden\" aria-live=\"assertive\" value=\"wpforms-submit\">Submit<\/button><img loading=\"lazy\" decoding=\"async\" src=\"https:\/\/medienfux.de\/wp-content\/plugins\/wpforms\/assets\/images\/submit-spin.svg\" class=\"wpforms-submit-spinner\" style=\"display: none;\" width=\"26\" height=\"26\" alt=\"Loading\"><\/div><input type=\"hidden\" name=\"trp-form-language\" value=\"en\"\/><\/form><\/div>  <!-- .wpforms-container --><\/div><\/div>\n<!-- \/module widget -->\n        <\/div>\n                        <\/div>\n        <\/div>\n            <\/div>\n<!--\/themify_builder_content--><\/div>\n<\/div>\n<!-- \/module template_part -->        <\/div>\n                        <\/div>\n        <\/div>\n        <\/div>\n<!--\/themify_builder_content-->\n\n\n<p><\/p>","protected":false},"excerpt":{"rendered":"","protected":false},"author":1,"featured_media":0,"parent":0,"menu_order":0,"comment_status":"closed","ping_status":"closed","template":"","meta":{"_monsterinsights_skip_tracking":false,"_monsterinsights_sitenote_active":false,"_monsterinsights_sitenote_note":"","_monsterinsights_sitenote_category":0,"footnotes":""},"class_list":["post-468","page","type-page","status-publish","hentry","has-post-title","has-post-date","has-post-category","has-post-tag","has-post-comment","has-post-author",""],"aioseo_notices":[],"builder_content":"<p>Die medienfux gGmbH engagiert sich aktiv in der internationalen Medienbildung. Unser Fokus liegt dabei auf der digitalen Transformation und der Vermittlung praktischer F\u00e4higkeiten. In verschiedenen afrikanischen L\u00e4ndern haben wir erfolgreich Seminare und Workshops durchgef\u00fchrt. Diese Veranstaltungen zielen darauf ab, Menschen mit den Chancen und Herausforderungen der Digitalisierung vertraut zu machen.<\/p> <p>Gleichzeitig legen wir gro\u00dfen Wert auf die Vermittlung praktischer Fertigkeiten. In unseren Trainings lernen Teilnehmer den Umgang mit modernen Ger\u00e4ten wie Lasercuttern und 3D-Druckern. Diese F\u00e4higkeiten er\u00f6ffnen neue berufliche Perspektiven und f\u00f6rdern die pers\u00f6nliche Entwicklung. Durch die Kombination von theoretischem Wissen und praktischer Anwendung schaffen wir nachhaltige Lerneffekte.<\/p> <p>Unsere Arbeit beschr\u00e4nkt sich jedoch nicht nur auf technische Aspekte. Wir legen auch Wert auf kulturellen Austausch und gegenseitiges Verst\u00e4ndnis. Dadurch entstehen wertvolle Netzwerke und Kooperationen \u00fcber L\u00e4ndergrenzen hinweg.<\/p> <p>Ein weiteres spannendes Projekt ist \"Archiv International\". Hierbei unterst\u00fctzen wir Archive weltweit bei der Digitalisierung ihrer Best\u00e4nde. Dieses Projekt, das auf <a href=\"https:\/\/fwbarchiv.de\">fwbarchiv.de<\/a> detailliert vorgestellt wird, verbindet Tradition mit Innovation. Es erm\u00f6glicht den Erhalt wichtiger historischer Dokumente und macht sie gleichzeitig digital zug\u00e4nglich.<\/p> <p>Durch unsere vielf\u00e4ltigen Aktivit\u00e4ten tragen wir zur globalen Vernetzung und zum Wissensaustausch bei. Wir sind stolz darauf, Menschen weltweit auf ihrem Weg in die digitale Zukunft zu begleiten und zu unterst\u00fctzen.<\/p>\n<img src=\"https:\/\/medienfux.de\/wp-content\/uploads\/2024\/12\/mfx-makerspace.jpg\" title=\"mfx-makerspace\" alt=\"Ein junger liberianischer Mann setzt einen Lasercutter zusammen\" srcset=\"https:\/\/medienfux.de\/wp-content\/uploads\/2024\/12\/mfx-makerspace.jpg 1500w, https:\/\/medienfux.de\/wp-content\/uploads\/2024\/12\/mfx-makerspace-300x225.jpg 300w, https:\/\/medienfux.de\/wp-content\/uploads\/2024\/12\/mfx-makerspace-1024x768.jpg 1024w, https:\/\/medienfux.de\/wp-content\/uploads\/2024\/12\/mfx-makerspace-768x576.jpg 768w, https:\/\/medienfux.de\/wp-content\/uploads\/2024\/12\/mfx-makerspace-16x12.jpg 16w, https:\/\/medienfux.de\/wp-content\/uploads\/2024\/12\/mfx-makerspace-300x225-186x140.jpg 186w\" sizes=\"(max-width: 1500px) 100vw, 1500px\" \/>\n<img src=\"https:\/\/medienfux.de\/wp-content\/uploads\/2024\/12\/mfx-cjps.png\" title=\"mfx-cjps\" alt=\"Ein internationales Team arbeitet zusammen an den M\u00f6glichkeiten der digitalen vernetzten Arbeit\" srcset=\"https:\/\/medienfux.de\/wp-content\/uploads\/2024\/12\/mfx-cjps.png 4096w, https:\/\/medienfux.de\/wp-content\/uploads\/2024\/12\/mfx-cjps-300x225.png 300w, https:\/\/medienfux.de\/wp-content\/uploads\/2024\/12\/mfx-cjps-1024x768.png 1024w, https:\/\/medienfux.de\/wp-content\/uploads\/2024\/12\/mfx-cjps-768x576.png 768w, https:\/\/medienfux.de\/wp-content\/uploads\/2024\/12\/mfx-cjps-1536x1152.png 1536w, https:\/\/medienfux.de\/wp-content\/uploads\/2024\/12\/mfx-cjps-2048x1536.png 2048w, https:\/\/medienfux.de\/wp-content\/uploads\/2024\/12\/mfx-cjps-16x12.png 16w\" sizes=\"(max-width: 4096px) 100vw, 4096px\" \/>\n<img src=\"https:\/\/medienfux.de\/wp-content\/uploads\/2024\/12\/mfx-kaict.png\" title=\"mfx-kaict\" alt=\"Das Team des Kofi-Anan-Instituts in Liberia arbeitet an den eigenen Kommunikationsstrukturen\" srcset=\"https:\/\/medienfux.de\/wp-content\/uploads\/2024\/12\/mfx-kaict.png 4096w, https:\/\/medienfux.de\/wp-content\/uploads\/2024\/12\/mfx-kaict-300x225.png 300w, https:\/\/medienfux.de\/wp-content\/uploads\/2024\/12\/mfx-kaict-1024x768.png 1024w, https:\/\/medienfux.de\/wp-content\/uploads\/2024\/12\/mfx-kaict-768x576.png 768w, https:\/\/medienfux.de\/wp-content\/uploads\/2024\/12\/mfx-kaict-1536x1152.png 1536w, https:\/\/medienfux.de\/wp-content\/uploads\/2024\/12\/mfx-kaict-2048x1536.png 2048w, https:\/\/medienfux.de\/wp-content\/uploads\/2024\/12\/mfx-kaict-16x12.png 16w\" sizes=\"(max-width: 4096px) 100vw, 4096px\" \/>","_links":{"self":[{"href":"https:\/\/medienfux.de\/en\/wp-json\/wp\/v2\/pages\/468","targetHints":{"allow":["GET"]}}],"collection":[{"href":"https:\/\/medienfux.de\/en\/wp-json\/wp\/v2\/pages"}],"about":[{"href":"https:\/\/medienfux.de\/en\/wp-json\/wp\/v2\/types\/page"}],"author":[{"embeddable":true,"href":"https:\/\/medienfux.de\/en\/wp-json\/wp\/v2\/users\/1"}],"replies":[{"embeddable":true,"href":"https:\/\/medienfux.de\/en\/wp-json\/wp\/v2\/comments?post=468"}],"version-history":[{"count":12,"href":"https:\/\/medienfux.de\/en\/wp-json\/wp\/v2\/pages\/468\/revisions"}],"predecessor-version":[{"id":677,"href":"https:\/\/medienfux.de\/en\/wp-json\/wp\/v2\/pages\/468\/revisions\/677"}],"wp:attachment":[{"href":"https:\/\/medienfux.de\/en\/wp-json\/wp\/v2\/media?parent=468"}],"curies":[{"name":"wp","href":"https:\/\/api.w.org\/{rel}","templated":true}]}}